{"id":361,"date":"2017-09-12T18:12:40","date_gmt":"2017-09-12T16:12:40","guid":{"rendered":"http:\/\/airexpo.org\/?page_id=361"},"modified":"2026-03-02T18:13:35","modified_gmt":"2026-03-02T17:13:35","slug":"la-presse-en-parle","status":"publish","type":"page","link":"http:\/\/airexpo.org\/en\/la-presse-en-parle\/","title":{"rendered":"Press coverage"},"content":{"rendered":"<div id=\"fb-root\"><\/div>\n\n<h1 class=\"wp-block-heading has-text-align-center\"><strong>La presse en parle.<\/strong><\/h1>\n\n\n\n<hr class=\"wp-block-separator has-alpha-channel-opacity is-style-wide\"\/>\n\n\n<p>You will find on this page some articles relating to the different editions of Airexpo.<\/p>\n<p><strong>2026 - 40th edition\u00a0<\/strong><\/p>\n<ul>\n<li><a href=\"https:\/\/actu.fr\/occitanie\/lherm_31299\/pres-de-toulouse-le-meeting-aerien-airexpo-prepare-sa-40e-edition-la-patrouille-de-france-sera-t-elle-la_63885165.html#google_vignette\">Near Toulouse. The AirExpo airshow is preparing its 40th edition, will the Patrouille de France be there?<\/a><\/li>\n<\/ul>\n<p><strong>2024 \u2013 38th edition \u00abConquering the sky\u00bb<\/strong><\/p>\n<ul>\n<li><a href=\"https:\/\/www.ladepeche.fr\/2024\/04\/17\/le-meeting-aerien-airexpo-2024-dans-les-starting-blocks-11896004.php\">THE DEPECHE \u2013 The 2024 Airexpo air meeting in the starting-blocks<\/a><\/li>\n<li><a href=\"https:\/\/actu.fr\/occitanie\/lherm_31299\/pres-de-toulouse-enorme-show-aerien-le-meeting-airexpo-est-de-retour-voici-le-programme_60959284.html\">ACTUTOULOUSE \u2013 Near Toulouse. Huge air show, the Airexpo air meeting is back, here is the program<\/a><\/li>\n<li><a href=\"https:\/\/www.ladepeche.fr\/2024\/04\/22\/gagnez-vos-places-pour-airexpo-meeting-aerien-a-laerodrome-muret-lherm-11905755.php\">LA DEPECHE \u2013 Win your seats for Airexpo Air Meeting at the Muret-Lherm aerodrome<\/a><\/li>\n<li><a href=\"https:\/\/sites.google.com\/view\/the-eagles-letter\/toute-lactu\">The Eagle\u2019s Letter \u2013 Airexpo : a 38th edition <span class=\"C9DxTc\" style=\"font-size: 1rem;\">\"Conquering the sky\"<\/span><\/a><\/li>\n<\/ul>\n<div class=\"article-full__media-wrapper fullscreen-s\">\n<div class=\"ratio ratio-medium ratio-large--xs\">\n<div class=\"article-full__media ratio-target\">\u00a0<\/div>\n<\/div>\n<\/div>\n<p><strong><span style=\"font-size: revert;\">2023 - 37th edition \"\u00a0<\/span>The Aviation, a timeless dream \u00bb<\/strong><\/p>\n<ul>\n<li><a href=\"https:\/\/www.ladepeche.fr\/2023\/01\/08\/tess-masson-une-jeune-presidente-pour-airexpo-2023-10911619.php\">THE DEPECHE \u2013 Tess Masson, a young student president<\/a><\/li>\n<li><a href=\"https:\/\/actu.fr\/occitanie\/lherm_31299\/pres-de-toulouse-gros-show-en-vue-avec-la-patrouille-de-france-pour-airexpo-2023_59371155.html\">ACTUTOULOUSE \u2013 Near Toulouse. Big show in sight (with the French Patrol) for Airexpo 2023<\/a><\/li>\n<\/ul>\n<p><strong>2022 \u2013 36th edition \u00abInnovation in the air through the ages\u00bb<\/strong><\/p>\n<ul>\n<li><a href=\"https:\/\/simpleflying.com\/airexpo-frances-3rd-largest-airshow\/\">SIMPLE FLYING &#8211; France&rsquo;s Third Largest Airshow Is Organized Entirely By Students<\/a><\/li>\n<li><a href=\"https:\/\/www.petiterepublique.com\/2022\/04\/26\/airexpo-2022-se-prepare\/\">SMALL REPUBLIC \u2013 Airexpo 2022 is preparing<\/a><\/li>\n<li><a href=\"https:\/\/www.ladepeche.fr\/2022\/03\/06\/paul-brion-airexpo-represente-un-travail-monstre-10151400.php\">THE DEPECHE \u2013 Paul Brion: \u00abAirexpo represents a monster of work\u00bb<\/a><\/li>\n<\/ul>\n<p><strong>2020 \u2013 34th edition \"Aviation for All\"<\/strong><\/p>\n<ul>\n<li><a href=\"https:\/\/www.petiterepublique.com\/2019\/10\/20\/le-team-air-expo-2020-est-en-place\/?fbclid=IwAR2d8L-b_eIRMvENT2LVAYI04elRLB0PszsnU4mVKZqoF3t7CHrCWSdP6\">SMALL REPUBLIC \u2013 The Air Expo 2020 team is in place<\/a><\/li>\n<li>\u00a0 <a href=\"https:\/\/www.cge.asso.fr\/liste-actualites\/des-etudiants-toulousains-lancent-la-34eme-edition-du-meeting-aerien-airexpo\/\">CGE \u2013 Students from Toulouse launch the 34th edition of the airshow \"Airexpo\"<\/a><\/li>\n<li><a href=\"https:\/\/www.ladepeche.fr\/2020\/01\/11\/airexpo-rendez-vous-dans-le-ciel-muretain-le-23-mai,8654298.php?fbclid=IwAR0REeNPgFRFDSgJ6tASNqwI8EzSDOI6pFHdH3rtLq5jlmb74VNTOoSSrtc\">THE DEPECHE \u2013 Meeting in the sky in Muret on May 23<\/a><\/li>\n<\/ul>\n<p><strong>2019 \u2013 33rd edition \u00abL'aviation au f\u00e9minin\u00bb<\/strong><\/p>\n<p style=\"padding-left: 30px;\"><a href=\"https:\/\/www.ladepeche.fr\/2019\/02\/24\/airexpo-2019-en-phase-ascendante,8034425.php?fbclid=IwAR1QHoPLdDapSh8S09KcuOIDpJdc6i8uz2xP6apCjrcJrwhSQDPr49bEwhU\">THE DEPECHE - Airexpo 2019 in ascending phase<\/a><\/p>\n<p><strong>2018 \u2013 32nd edition \u00abThe pioneers of yesterday and today\u00bb<\/strong><\/p>\n<p style=\"padding-left: 30px;\"><a href=\"http:\/\/toulouse.aujourdhui.fr\/etudiant\/sortie\/airexpo-2018.html\">THE PARISIEN - Airexpo 2018<\/a><br \/><a href=\"https:\/\/www.ladepeche.fr\/article\/2018\/05\/27\/2805677-un-pilote-d-essais-de-l-a350-parrain-d-airexpo.html\">THE DEPECHE \u2013 A test pilot of the Airexpo sponsor A350<\/a><br \/><a href=\"https:\/\/www.ladepeche.fr\/article\/2018\/06\/02\/2809932-airexpo-plus-de-20000-spectateurs-attendus-a-muret.html\">THE DEPECHE - Airexpo : more than 20,000 spectators expected at Muret<\/a><br \/><a href=\"https:\/\/actu.fr\/occitanie\/muret_31395\/en-images-retour-sur-meeting-airexpo-show-aeronautique-dexception-pres-toulouse_17100972.html\">ACTU.FR \u2013 Feedback on the Airexpo meeting, exceptional aeronautical show near Toulouse<\/a><br \/><a href=\"https:\/\/www.ladepeche.fr\/article\/2018\/06\/03\/2810324-airexpo-la-patrouille-de-france-a-fait-le-show.html\">LA DEPECHE \u2013 Airexpo: the Patrouille de France put on a show<\/a><\/p>\n<p><strong>2017 \u2013 31st edition \"Tomorrow\u2019s Aviation\"<\/strong><\/p>\n<p style=\"padding-left: 30px;\"><a href=\"http:\/\/www.ladepeche.fr\/article\/2016\/12\/20\/2482021-airexpo-2017-les-jeunes-ingenieurs-deja-au-travail.html\">THE DEPECHE \u2013 Young engineers already at work<\/a><br \/><a href=\"https:\/\/www.aerobuzz.fr\/culture-aero\/dans-les-coulisses-de-la-31eme-edition-dairexpo\/\">AEROBUZZ \u2013 Behind the scenes of the 31st edition of Airexpo<\/a><br \/><a href=\"http:\/\/www.ladepeche.fr\/article\/2017\/05\/20\/2578544-louis-ebel-airexpo-fans-vont-decouvrir-avions-futur.html\">THE DEPECHE \u2013 Louis Ebel: At Airexpo, fans will discover the planes of the future!<\/a><br \/><a href=\"http:\/\/www.20minutes.fr\/toulouse\/2070739-20170518-video-meeting-aerien-airexpo-samedi-ciel-muret-plancher-vaches\">20MINUTES \u2013 The Airexpo air meeting is on Saturday in the sky of Muret<\/a><\/p>\n<p><strong>2016 \u2013 30th edition \u00ab30 years of Airexpo\u00bb<\/strong><\/p>\n<p style=\"padding-left: 30px;\"><a href=\"http:\/\/www.ladepeche.fr\/article\/2015\/12\/20\/2241763-airexpo-2016-sur-la-piste-d-envol.html\">THE DEPECHE \u2013 Airexpo on the runway<\/a><br \/><a href=\"http:\/\/www.ladepeche.fr\/article\/2016\/05\/19\/2347636-la-patrouille-de-france-fidele-a-airexpo.html\">LA DEPECHE \u2013 The French patrol loyal to Airexpo<\/a><br \/><a href=\"http:\/\/www.20minutes.fr\/toulouse\/1849019-20160520-toulouse-tout-vole-haut-meeting-aerien-airexpo\">20MINUTES \u2013 High flight at the Airexpo meeting<\/a><br \/><a href=\"http:\/\/www.ladepeche.fr\/article\/2016\/05\/08\/2339898-beatrice-vialle-marraine.html\">THE DEPECHE \u2013 B\u00e9atrice Vialle godmother<\/a><\/p>\n<p><strong>2015 - 29th edition<\/strong><\/p>\n<p style=\"padding-left: 30px;\"><a href=\"http:\/\/www.ladepeche.fr\/article\/2015\/05\/10\/2101789-airexpo-aux-commandes-du-meeting-aerien.html\">LA DEPECHE \u2013 Antoine Dompnier at the helm of Airexpo<\/a><br \/><a href=\"http:\/\/www.ladepeche.fr\/article\/2015\/05\/30\/2114459-la-fievre-en-coulisses-d-airexpo.html\">THE DEPECHE \u2013 Airexpo\u2019s Fever Backstage<\/a><br \/><a href=\"http:\/\/www.aeroweb-fr.net\/actualites\/2015\/05\/air-expo-le-responsable-du-plateau-avions-repond-a-nos-questions\">AeroVFR \u2013 Airexpo: the aircraft platform manager answers our questions<\/a><br \/><a href=\"http:\/\/www.ladepeche.fr\/article\/2015\/05\/28\/2113444-airexpo-patrouilles-en-vedette.html\">LA DEPECHE \u2013 Airexpo, patrols in the spotlight<\/a><\/p>\n<p><strong>2014 - 28th edition<\/strong><\/p>\n<p style=\"padding-left: 30px;\"><a href=\"http:\/\/www.ladepeche.fr\/article\/2014\/05\/16\/1881831-muret-la-patrouille-de-france-a-l-affiche.html\">LA DEPECHE \u2013 Muret. The Patrouille de France on the bill<\/a><br \/><a href=\"https:\/\/www.wired.com\/2014\/06\/airbus-beluga\/\">WIRED &#8211; The world&rsquo;s silliest plane takes off for a &lsquo;once-in-a-lifetime&rsquo; stunt (\u00e0 Airexpo)<\/a><\/p>","protected":false},"excerpt":{"rendered":"<p>La presse en parle. Vous trouverez sur cette page quelques articles relatant les diff\u00e9rentes \u00e9ditions d&rsquo;Airexpo. 2026 &#8211; 40\u00e8me \u00e9dition\u00a0 Pr\u00e8s de Toulouse. Le meeting a\u00e9rien AirExpo pr\u00e9pare sa 40e \u00e9dition, la Patrouille de France sera-t-elle l\u00e0 ? 2024 &#8211; 38\u00e8me \u00e9dition \u00ab\u00a0A la conqu\u00eate du ciel\u00a0\u00bb LA DEPECHE &#8211; Le meeting a\u00e9rien Airexpo 2024 [&hellip;]<\/p>\n","protected":false},"author":1,"featured_media":0,"parent":0,"menu_order":0,"comment_status":"closed","ping_status":"closed","template":"","meta":{"footnotes":""},"class_list":["post-361","page","type-page","status-publish","hentry"],"_links":{"self":[{"href":"http:\/\/airexpo.org\/en\/wp-json\/wp\/v2\/pages\/361","targetHints":{"allow":["GET"]}}],"collection":[{"href":"http:\/\/airexpo.org\/en\/wp-json\/wp\/v2\/pages"}],"about":[{"href":"http:\/\/airexpo.org\/en\/wp-json\/wp\/v2\/types\/page"}],"author":[{"embeddable":true,"href":"http:\/\/airexpo.org\/en\/wp-json\/wp\/v2\/users\/1"}],"replies":[{"embeddable":true,"href":"http:\/\/airexpo.org\/en\/wp-json\/wp\/v2\/comments?post=361"}],"version-history":[{"count":32,"href":"http:\/\/airexpo.org\/en\/wp-json\/wp\/v2\/pages\/361\/revisions"}],"predecessor-version":[{"id":5713,"href":"http:\/\/airexpo.org\/en\/wp-json\/wp\/v2\/pages\/361\/revisions\/5713"}],"wp:attachment":[{"href":"http:\/\/airexpo.org\/en\/wp-json\/wp\/v2\/media?parent=361"}],"curies":[{"name":"wp","href":"https:\/\/api.w.org\/{rel}","templated":true}]}}