{"id":4994,"date":"2025-02-19T22:27:51","date_gmt":"2025-02-19T21:27:51","guid":{"rendered":"https:\/\/airexpo.org\/?page_id=4994"},"modified":"2025-05-07T07:28:32","modified_gmt":"2025-05-07T05:28:32","slug":"partenaires-2025","status":"publish","type":"page","link":"http:\/\/airexpo.org\/en\/partenaires-2025\/","title":{"rendered":"Partners 2025"},"content":{"rendered":"<div id=\"fb-root\"><\/div>\n\n<h1 class=\"wp-block-heading alignwide has-text-align-center\"><strong>Partners 2025<\/strong><\/h1>\n\n\n\n<p style=\"text-align: center;\">The Airexpo meeting would not have had the scale it has today without the unwavering support of its\u00a0<strong>aeronautical and local partners<\/strong>. From the first hours of the meeting, French companies believed in this formative and ambitious student project.<\/p>\n\n\n\n<div class=\"wp-block-columns alignwide is-layout-flex wp-container-core-columns-is-layout-28f84493 wp-block-columns-is-layout-flex\">\n<div class=\"wp-block-column is-layout-flow wp-block-column-is-layout-flow\">\n<figure class=\"wp-block-image size-large\"><img loading=\"lazy\" decoding=\"async\" width=\"512\" height=\"1024\" src=\"https:\/\/airexpo.org\/wp-content\/uploads\/2025\/05\/gauche_partenaires-512x1024.png\" alt=\"\" class=\"wp-image-5258\" srcset=\"http:\/\/airexpo.org\/wp-content\/uploads\/2025\/05\/gauche_partenaires-512x1024.png 512w, http:\/\/airexpo.org\/wp-content\/uploads\/2025\/05\/gauche_partenaires-150x300.png 150w, http:\/\/airexpo.org\/wp-content\/uploads\/2025\/05\/gauche_partenaires-768x1536.png 768w, http:\/\/airexpo.org\/wp-content\/uploads\/2025\/05\/gauche_partenaires-1024x2048.png 1024w, http:\/\/airexpo.org\/wp-content\/uploads\/2025\/05\/gauche_partenaires.png 1280w\" sizes=\"auto, (max-width: 512px) 100vw, 512px\" \/><\/figure>\n<\/div>\n\n\n\n<div class=\"wp-block-column is-layout-flow wp-block-column-is-layout-flow\">\n<figure class=\"wp-block-image size-large\"><img loading=\"lazy\" decoding=\"async\" width=\"512\" height=\"1024\" src=\"https:\/\/airexpo.org\/wp-content\/uploads\/2025\/04\/droite_partenaires-4-512x1024.png\" alt=\"\" class=\"wp-image-5209\" srcset=\"http:\/\/airexpo.org\/wp-content\/uploads\/2025\/04\/droite_partenaires-4-512x1024.png 512w, http:\/\/airexpo.org\/wp-content\/uploads\/2025\/04\/droite_partenaires-4-150x300.png 150w, http:\/\/airexpo.org\/wp-content\/uploads\/2025\/04\/droite_partenaires-4-768x1536.png 768w, http:\/\/airexpo.org\/wp-content\/uploads\/2025\/04\/droite_partenaires-4-1024x2048.png 1024w, http:\/\/airexpo.org\/wp-content\/uploads\/2025\/04\/droite_partenaires-4.png 1280w\" sizes=\"auto, (max-width: 512px) 100vw, 512px\" \/><\/figure>\n<\/div>\n<\/div>","protected":false},"excerpt":{"rendered":"<p>Partenaires 2025 \u00adLe meeting Airexpo n\u2019aurait pas eu l\u2019ampleur qu\u2019il conna\u00eet aujourd\u2019hui sans le soutien sans faille de ses\u00a0partenaires a\u00e9ronautiques et locaux.\u00a0D\u00e8s les premi\u00e8res heures du meeting, les entreprises fran\u00e7aises ont cru en ce projet \u00e9tudiant formateur et ambitieux.<\/p>","protected":false},"author":13,"featured_media":0,"parent":0,"menu_order":0,"comment_status":"closed","ping_status":"closed","template":"","meta":{"footnotes":""},"class_list":["post-4994","page","type-page","status-publish","hentry"],"_links":{"self":[{"href":"http:\/\/airexpo.org\/en\/wp-json\/wp\/v2\/pages\/4994","targetHints":{"allow":["GET"]}}],"collection":[{"href":"http:\/\/airexpo.org\/en\/wp-json\/wp\/v2\/pages"}],"about":[{"href":"http:\/\/airexpo.org\/en\/wp-json\/wp\/v2\/types\/page"}],"author":[{"embeddable":true,"href":"http:\/\/airexpo.org\/en\/wp-json\/wp\/v2\/users\/13"}],"replies":[{"embeddable":true,"href":"http:\/\/airexpo.org\/en\/wp-json\/wp\/v2\/comments?post=4994"}],"version-history":[{"count":16,"href":"http:\/\/airexpo.org\/en\/wp-json\/wp\/v2\/pages\/4994\/revisions"}],"predecessor-version":[{"id":5259,"href":"http:\/\/airexpo.org\/en\/wp-json\/wp\/v2\/pages\/4994\/revisions\/5259"}],"wp:attachment":[{"href":"http:\/\/airexpo.org\/en\/wp-json\/wp\/v2\/media?parent=4994"}],"curies":[{"name":"wp","href":"https:\/\/api.w.org\/{rel}","templated":true}]}}