{"id":5589,"date":"2026-02-05T14:50:03","date_gmt":"2026-02-05T13:50:03","guid":{"rendered":"https:\/\/airexpo.org\/?page_id=5589"},"modified":"2026-05-09T07:28:22","modified_gmt":"2026-05-09T05:28:22","slug":"activites-planning","status":"publish","type":"page","link":"https:\/\/airexpo.org\/en\/activites-planning\/","title":{"rendered":"Planning du meeting"},"content":{"rendered":"<div id=\"fb-root\"><\/div>\n\n<h1 class=\"wp-block-heading has-text-align-center\"><strong>Planning du meeting<\/strong><\/h1>\n\n\n\n<hr class=\"wp-block-separator has-alpha-channel-opacity is-style-wide\"\/>\n\n\n\n<!-- \n    PAGE PLANNING\/TIMELINE SEULE - AIREXPO\n    Version sans la carte plein \u00e9cran\n    \n    Instructions :\n    1. WordPress \u2192 Pages \u2192 Ajouter \"Programme de la journ\u00e9e\"\n    2. Mode Code \u2192 Copiez ce code\n    3. Pas besoin de classe CSS additionnelle\n-->\n\n<!-- ==================== PLANNING DES ACTIVIT\u00c9S ==================== -->\n<div class=\"activity-timeline\">\n    <h2 class=\"timeline-section-title\">Programme de la journ\u00e9e<\/h2>\n\n    <div class=\"planning-date-wrap\">\n        <span class=\"planning-date-pill\">\u2708 Samedi 9 Mai 2026 &nbsp;\u00b7&nbsp; A\u00e9rodrome de Muret-Lherm<\/span>\n    <\/div>\n\n    <div class=\"planning-notice\">\n        <span class=\"planning-notice-icon\">\u26a0\ufe0f<\/span>\n        <span>Le planning ci-dessous est donn\u00e9 \u00e0 titre indicatif. Il peut \u00eatre soumis \u00e0 modifications jusqu&rsquo;\u00e0 la fin du meeting (pour raisons op\u00e9rationnelles ou disponibilit\u00e9s avions).<\/span>\n    <\/div>\n\n    <!-- S\u00e9quence 1 : 11h45 \u2013 13h30 -->\n    <div class=\"planning-slot slot-1\">\n        <div class=\"slot-header\">\n            <div class=\"slot-meta\">\n                <span class=\"slot-sequence-label\">S\u00e9quence 1 \/ 4<\/span>\n                <span class=\"slot-times\">11h45 &nbsp;\u2192&nbsp; 13h30<\/span>\n            <\/div>\n            <span class=\"slot-duration-badge\">1h45<\/span>\n        <\/div>\n        <ul class=\"aircraft-list\">\n            <li class=\"aircraft-tag\">A\u00e9romod\u00e8les<\/li>\n            <li class=\"aircraft-tag\">Stampe SV4<\/li>\n            <li class=\"aircraft-tag\">Cap 10 ENAC<\/li>\n            <li class=\"aircraft-tag\">Ph\u00e9nix <span class=\"aircraft-tag-note\">(Parachutistes de l&rsquo;AAE)<\/span><\/li>\n            <li class=\"aircraft-tag\">EC145 S\u00e9curit\u00e9 Civile<\/li>\n            <li class=\"aircraft-tag\">Yak 50<\/li>\n            <li class=\"aircraft-tag\">Busard<\/li>\n        <\/ul>\n    <\/div>\n\n    <!-- S\u00e9quence 2 : 13h30 \u2013 15h30 -->\n    <div class=\"planning-slot slot-2\">\n        <div class=\"slot-header\">\n            <div class=\"slot-meta\">\n                <span class=\"slot-sequence-label\">S\u00e9quence 2 \/ 4<\/span>\n                <span class=\"slot-times\">13h30 &nbsp;\u2192&nbsp; 15h30<\/span>\n            <\/div>\n            <span class=\"slot-duration-badge\">2h00<\/span>\n        <\/div>\n        <ul class=\"aircraft-list\">\n            <li class=\"aircraft-tag\">EVAAE Solo<\/li>\n            <li class=\"aircraft-tag\">Nanchang CJ-6<\/li>\n            <li class=\"aircraft-tag\">Cricri + UTVA<\/li>\n            <li class=\"aircraft-tag\">Planeur Swift<\/li>\n            <li class=\"aircraft-tag\">Fouga Magister<\/li>\n            <li class=\"aircraft-tag\">Patrouille Coyote<\/li>\n            <li class=\"aircraft-tag\">Crazy Piper Team<\/li>\n            <li class=\"aircraft-tag\">TBM 700<\/li>\n        <\/ul>\n    <\/div>\n\n    <!-- S\u00e9quence 3 : 15h30 \u2013 17h00 -->\n    <div class=\"planning-slot slot-3\">\n        <div class=\"slot-header\">\n            <div class=\"slot-meta\">\n                <span class=\"slot-sequence-label\">S\u00e9quence 3 \/ 4<\/span>\n                <span class=\"slot-times\">15h30 &nbsp;\u2192&nbsp; 17h00<\/span>\n            <\/div>\n            <span class=\"slot-duration-badge\">1h30<\/span>\n        <\/div>\n        <ul class=\"aircraft-list\">\n            <li class=\"aircraft-tag\">Yak 11<\/li>\n            <li class=\"aircraft-tag\">ATR-42<\/li>\n            <li class=\"aircraft-tag\">Fairchild 24<\/li>\n            <li class=\"aircraft-tag\">OV-10 Bronco<\/li>\n            <li class=\"aircraft-tag\">Piper H-Cub<\/li>\n            <li class=\"aircraft-tag aircraft-star\">Rafale Solo Display<\/li>\n            <li class=\"aircraft-tag\">EC120 ALAT<\/li>\n        <\/ul>\n    <\/div>\n\n    <!-- S\u00e9quence 4 : 17h00 \u2013 19h00 -->\n    <div class=\"planning-slot slot-4\">\n        <div class=\"slot-header\">\n            <div class=\"slot-meta\">\n                <span class=\"slot-sequence-label\">S\u00e9quence 4 \/ 4<\/span>\n                <span class=\"slot-times\">17h00 &nbsp;\u2192&nbsp; 19h00<\/span>\n            <\/div>\n            <span class=\"slot-duration-badge\">2h00<\/span>\n        <\/div>\n        <ul class=\"aircraft-list\">\n            <li class=\"aircraft-tag\">Extra 260<\/li>\n            <li class=\"aircraft-tag\">Cessna FRA150M<\/li>\n            <li class=\"aircraft-tag\">T-6<\/li>\n            <li class=\"aircraft-tag\">PT-17 Stearman<\/li>\n            <li class=\"aircraft-tag\">Patrouille ENAC<\/li>\n            <li class=\"aircraft-tag\">Globe Swift<\/li>\n            <li class=\"aircraft-tag\">Integral R Aura Aero<\/li>\n            <li class=\"aircraft-tag\">T-28<\/li>\n            <li class=\"aircraft-tag\">EVAAE Synchro<\/li>\n        <\/ul>\n    <\/div>\n<\/div>\n\n<div style=\"text-align: center; margin: 3rem 0;\">\n    <a href=\"https:\/\/airexpo.org\/en\/map-airexpo-2026\/\" style=\"display: inline-flex; align-items: center; gap: 0.6rem; background: linear-gradient(135deg, #1a73e8 0%, #0d47a1 100%); color: white; padding: 1rem 2.25rem; border-radius: 50px; text-decoration: none; font-weight: 700; font-size: 0.95rem; box-shadow: 0 6px 20px rgba(26, 115, 232, 0.35); letter-spacing: 0.3px; transition: all 0.3s ease;\">\n        \ud83d\uddfa\ufe0f Voir le plan interactif du meeting\n    <\/a>\n<\/div>","protected":false},"excerpt":{"rendered":"<p>Planning du meeting Programme de la journ\u00e9e \u2708 Samedi 9 Mai 2026 &nbsp;\u00b7&nbsp; A\u00e9rodrome de Muret-Lherm \u26a0\ufe0f Le planning ci-dessous est donn\u00e9 \u00e0 titre indicatif. Il peut \u00eatre soumis \u00e0 modifications jusqu&rsquo;\u00e0 la fin du meeting (pour raisons op\u00e9rationnelles ou disponibilit\u00e9s avions). S\u00e9quence 1 \/ 4 11h45 &nbsp;\u2192&nbsp; 13h30 1h45 A\u00e9romod\u00e8les Stampe SV4 Cap 10 [&hellip;]<\/p>\n","protected":false},"author":15,"featured_media":0,"parent":0,"menu_order":0,"comment_status":"closed","ping_status":"closed","template":"","meta":{"footnotes":""},"class_list":["post-5589","page","type-page","status-publish","hentry"],"_links":{"self":[{"href":"https:\/\/airexpo.org\/en\/wp-json\/wp\/v2\/pages\/5589","targetHints":{"allow":["GET"]}}],"collection":[{"href":"https:\/\/airexpo.org\/en\/wp-json\/wp\/v2\/pages"}],"about":[{"href":"https:\/\/airexpo.org\/en\/wp-json\/wp\/v2\/types\/page"}],"author":[{"embeddable":true,"href":"https:\/\/airexpo.org\/en\/wp-json\/wp\/v2\/users\/15"}],"replies":[{"embeddable":true,"href":"https:\/\/airexpo.org\/en\/wp-json\/wp\/v2\/comments?post=5589"}],"version-history":[{"count":19,"href":"https:\/\/airexpo.org\/en\/wp-json\/wp\/v2\/pages\/5589\/revisions"}],"predecessor-version":[{"id":6470,"href":"https:\/\/airexpo.org\/en\/wp-json\/wp\/v2\/pages\/5589\/revisions\/6470"}],"wp:attachment":[{"href":"https:\/\/airexpo.org\/en\/wp-json\/wp\/v2\/media?parent=5589"}],"curies":[{"name":"wp","href":"https:\/\/api.w.org\/{rel}","templated":true}]}}